{"id":2412,"date":"2023-07-25T11:29:31","date_gmt":"2023-07-25T11:29:31","guid":{"rendered":"http:\/\/www.nuriagarces.cat.mialias.net\/contact\/"},"modified":"2023-11-06T12:03:59","modified_gmt":"2023-11-06T12:03:59","slug":"contact","status":"publish","type":"page","link":"http:\/\/nuriagarces.cat\/en\/contact\/","title":{"rendered":"Contact"},"content":{"rendered":"<div class=\"fusion-fullwidth fullwidth-box fusion-builder-row-1 fusion-flex-container has-pattern-background has-mask-background nonhundred-percent-fullwidth non-hundred-percent-height-scrolling\" style=\"--link_hover_color: var(--awb-custom_color_2);--link_color: var(--awb-custom_color_1);--awb-border-radius-top-left:0px;--awb-border-radius-top-right:0px;--awb-border-radius-bottom-right:0px;--awb-border-radius-bottom-left:0px;--awb-margin-bottom:5%;--awb-flex-wrap:wrap;\" ><div class=\"fusion-builder-row fusion-row fusion-flex-align-items-center fusion-flex-justify-content-center fusion-flex-content-wrap\" style=\"max-width:1260px;margin-left: calc(-5% \/ 2 );margin-right: calc(-5% \/ 2 );\"><div class=\"fusion-layout-column fusion_builder_column fusion-builder-column-0 fusion_builder_column_1_3 1_3 fusion-flex-column\" style=\"--awb-padding-top:5%;--awb-padding-right:5%;--awb-padding-bottom:5%;--awb-padding-left:5%;--awb-bg-size:cover;--awb-border-color:var(--awb-custom_color_2);--awb-border-style:solid;--awb-width-large:33.333333333333%;--awb-margin-top-large:0px;--awb-spacing-right-large:7.125%;--awb-margin-bottom-large:20px;--awb-spacing-left-large:7.125%;--awb-width-medium:33.333333333333%;--awb-order-medium:0;--awb-spacing-right-medium:7.125%;--awb-spacing-left-medium:7.125%;--awb-width-small:100%;--awb-order-small:0;--awb-spacing-right-small:2.375%;--awb-spacing-left-small:2.375%;\" data-scroll-devices=\"small-visibility,medium-visibility,large-visibility\"><div class=\"fusion-column-wrapper fusion-column-has-shadow fusion-flex-justify-content-flex-start fusion-content-layout-column\"><div class=\"fusion-title title fusion-title-1 fusion-sep-none fusion-title-text fusion-title-size-three\" style=\"--awb-text-color:var(--awb-custom_color_1);\"><h3 class=\"fusion-title-heading title-heading-left\" style=\"margin:0;\">N\u00faria Garc\u00e9s<\/h3><\/div><div class=\"fusion-title title fusion-title-2 fusion-sep-none fusion-title-text fusion-title-size-four\" style=\"--awb-text-color:var(--awb-custom_color_1);\"><h4 class=\"fusion-title-heading title-heading-left\" style=\"margin:0;\"><a href=\"mailto:nuria@nuriagarces.cat\">nuria@nuriagarces.cat<\/a><\/h4><\/div><div class=\"fusion-title title fusion-title-3 fusion-sep-none fusion-title-text fusion-title-size-four\" style=\"--awb-text-color:var(--awb-custom_color_1);\"><h4 class=\"fusion-title-heading title-heading-left\" style=\"margin:0;\">(34) 639 391 382<\/h4><\/div><\/div><\/div><div class=\"fusion-layout-column fusion_builder_column fusion-builder-column-1 fusion_builder_column_2_3 2_3 fusion-flex-column\" style=\"--awb-padding-top:5%;--awb-padding-right:5%;--awb-padding-bottom:5%;--awb-padding-left:5%;--awb-bg-size:cover;--awb-border-color:var(--awb-custom_color_2);--awb-border-style:solid;--awb-width-large:66.666666666667%;--awb-margin-top-large:0px;--awb-spacing-right-large:3.5625%;--awb-margin-bottom-large:20px;--awb-spacing-left-large:3.5625%;--awb-width-medium:66.666666666667%;--awb-order-medium:0;--awb-spacing-right-medium:3.5625%;--awb-spacing-left-medium:3.5625%;--awb-width-small:100%;--awb-order-small:0;--awb-spacing-right-small:2.375%;--awb-spacing-left-small:2.375%;\" data-scroll-devices=\"small-visibility,medium-visibility,large-visibility\"><div class=\"fusion-column-wrapper fusion-column-has-shadow fusion-flex-justify-content-flex-start fusion-content-layout-column\"><div class=\"fusion-image-element \" style=\"--awb-caption-title-font-family:var(--h2_typography-font-family);--awb-caption-title-font-weight:var(--h2_typography-font-weight);--awb-caption-title-font-style:var(--h2_typography-font-style);--awb-caption-title-size:var(--h2_typography-font-size);--awb-caption-title-transform:var(--h2_typography-text-transform);--awb-caption-title-line-height:var(--h2_typography-line-height);--awb-caption-title-letter-spacing:var(--h2_typography-letter-spacing);\"><span class=\" fusion-imageframe imageframe-none imageframe-1 hover-type-none\"><img decoding=\"async\" width=\"600\" height=\"210\" title=\"caralibro\" src=\"http:\/\/nuriagarces.cat\/wp-content\/uploads\/2023\/11\/caralibro.jpg\" data-orig-src=\"http:\/\/nuriagarces.cat\/wp-content\/uploads\/2023\/11\/caralibro-600x210.jpg\" alt class=\"lazyload img-responsive wp-image-3747\" srcset=\"data:image\/svg+xml,%3Csvg%20xmlns%3D%27http%3A%2F%2Fwww.w3.org%2F2000%2Fsvg%27%20width%3D%272480%27%20height%3D%27866%27%20viewBox%3D%270%200%202480%20866%27%3E%3Crect%20width%3D%272480%27%20height%3D%27866%27%20fill-opacity%3D%220%22%2F%3E%3C%2Fsvg%3E\" data-srcset=\"http:\/\/nuriagarces.cat\/wp-content\/uploads\/2023\/11\/caralibro-200x70.jpg 200w, http:\/\/nuriagarces.cat\/wp-content\/uploads\/2023\/11\/caralibro-400x140.jpg 400w, http:\/\/nuriagarces.cat\/wp-content\/uploads\/2023\/11\/caralibro-600x210.jpg 600w, http:\/\/nuriagarces.cat\/wp-content\/uploads\/2023\/11\/caralibro-800x279.jpg 800w, http:\/\/nuriagarces.cat\/wp-content\/uploads\/2023\/11\/caralibro-1200x419.jpg 1200w\" data-sizes=\"auto\" data-orig-sizes=\"(max-width: 640px) 100vw, 800px\" \/><\/span><\/div><\/div><\/div><\/div><\/div>\n","protected":false},"excerpt":{"rendered":"","protected":false},"author":1,"featured_media":0,"parent":0,"menu_order":0,"comment_status":"closed","ping_status":"closed","template":"100-width.php","meta":{"footnotes":""},"class_list":["post-2412","page","type-page","status-publish","hentry"],"yoast_head":"<!-- This site is optimized with the Yoast SEO plugin v23.7 - https:\/\/yoast.com\/wordpress\/plugins\/seo\/ -->\r\n<title>Contact | N\u00faria Garc\u00e9s<\/title>\r\n<meta name=\"robots\" content=\"index, follow, max-snippet:-1, max-image-preview:large, max-video-preview:-1\" \/>\r\n<link rel=\"canonical\" href=\"http:\/\/nuriagarces.cat\/en\/contact\/\" \/>\r\n<meta property=\"og:locale\" content=\"en_US\" \/>\r\n<meta property=\"og:type\" content=\"article\" \/>\r\n<meta property=\"og:title\" content=\"Contact | N\u00faria Garc\u00e9s\" \/>\r\n<meta property=\"og:url\" content=\"http:\/\/nuriagarces.cat\/en\/contact\/\" \/>\r\n<meta property=\"og:site_name\" content=\"N\u00faria Garc\u00e9s\" \/>\r\n<meta property=\"article:publisher\" content=\"https:\/\/www.facebook.com\/nuria.garces\" \/>\r\n<meta property=\"article:modified_time\" content=\"2023-11-06T12:03:59+00:00\" \/>\r\n<meta property=\"og:image\" content=\"http:\/\/nuriagarces.cat\/wp-content\/uploads\/2023\/06\/nuria-garces-1.png\" \/>\r\n\t<meta property=\"og:image:width\" content=\"1024\" \/>\r\n\t<meta property=\"og:image:height\" content=\"680\" \/>\r\n\t<meta property=\"og:image:type\" content=\"image\/png\" \/>\r\n<meta name=\"twitter:card\" content=\"summary_large_image\" \/>\r\n<meta name=\"twitter:site\" content=\"@nuriagarcesm\" \/>\r\n<meta name=\"twitter:label1\" content=\"Est. reading time\" \/>\n\t<meta name=\"twitter:data1\" content=\"11 minutes\" \/>\r\n<script type=\"application\/ld+json\" class=\"yoast-schema-graph\">{\"@context\":\"https:\/\/schema.org\",\"@graph\":[{\"@type\":\"WebPage\",\"@id\":\"http:\/\/nuriagarces.cat\/en\/contact\/\",\"url\":\"http:\/\/nuriagarces.cat\/en\/contact\/\",\"name\":\"Contact | N\u00faria Garc\u00e9s\",\"isPartOf\":{\"@id\":\"https:\/\/nuriagarces.cat\/en\/#website\"},\"datePublished\":\"2023-07-25T11:29:31+00:00\",\"dateModified\":\"2023-11-06T12:03:59+00:00\",\"breadcrumb\":{\"@id\":\"http:\/\/nuriagarces.cat\/en\/contact\/#breadcrumb\"},\"inLanguage\":\"en-US\",\"potentialAction\":[{\"@type\":\"ReadAction\",\"target\":[\"http:\/\/nuriagarces.cat\/en\/contact\/\"]}]},{\"@type\":\"BreadcrumbList\",\"@id\":\"http:\/\/nuriagarces.cat\/en\/contact\/#breadcrumb\",\"itemListElement\":[{\"@type\":\"ListItem\",\"position\":1,\"name\":\"Inici\",\"item\":\"http:\/\/nuriagarces.cat\/en\/\"},{\"@type\":\"ListItem\",\"position\":2,\"name\":\"Contact\"}]},{\"@type\":\"WebSite\",\"@id\":\"https:\/\/nuriagarces.cat\/en\/#website\",\"url\":\"https:\/\/nuriagarces.cat\/en\/\",\"name\":\"N\u00faria Garc\u00e9s\",\"description\":\"Ag\u00e8ncia relacions p\u00fabliques Barcelona\",\"publisher\":{\"@id\":\"https:\/\/nuriagarces.cat\/en\/#\/schema\/person\/9c7fcbb229a10cb4cec4f9863664f43e\"},\"alternateName\":\"N\u00faria Garc\u00e9s\",\"potentialAction\":[{\"@type\":\"SearchAction\",\"target\":{\"@type\":\"EntryPoint\",\"urlTemplate\":\"https:\/\/nuriagarces.cat\/en\/?s={search_term_string}\"},\"query-input\":{\"@type\":\"PropertyValueSpecification\",\"valueRequired\":true,\"valueName\":\"search_term_string\"}}],\"inLanguage\":\"en-US\"},{\"@type\":[\"Person\",\"Organization\"],\"@id\":\"https:\/\/nuriagarces.cat\/en\/#\/schema\/person\/9c7fcbb229a10cb4cec4f9863664f43e\",\"name\":\"Nuria\",\"image\":{\"@type\":\"ImageObject\",\"inLanguage\":\"en-US\",\"@id\":\"https:\/\/nuriagarces.cat\/en\/#\/schema\/person\/image\/\",\"url\":\"http:\/\/nuriagarces.cat\/wp-content\/uploads\/2023\/07\/Favicon-270-Nuria-Garces.jpg\",\"contentUrl\":\"http:\/\/nuriagarces.cat\/wp-content\/uploads\/2023\/07\/Favicon-270-Nuria-Garces.jpg\",\"width\":270,\"height\":236,\"caption\":\"Nuria\"},\"logo\":{\"@id\":\"https:\/\/nuriagarces.cat\/en\/#\/schema\/person\/image\/\"},\"sameAs\":[\"https:\/\/www.nuriagarces.com\/\",\"https:\/\/www.facebook.com\/nuria.garces\",\"https:\/\/www.instagram.com\/ngarcesm\/\",\"https:\/\/x.com\/nuriagarcesm\"]}]}<\/script>\r\n<!-- \/ Yoast SEO plugin. -->","yoast_head_json":{"title":"Contact | N\u00faria Garc\u00e9s","robots":{"index":"index","follow":"follow","max-snippet":"max-snippet:-1","max-image-preview":"max-image-preview:large","max-video-preview":"max-video-preview:-1"},"canonical":"http:\/\/nuriagarces.cat\/en\/contact\/","og_locale":"en_US","og_type":"article","og_title":"Contact | N\u00faria Garc\u00e9s","og_url":"http:\/\/nuriagarces.cat\/en\/contact\/","og_site_name":"N\u00faria Garc\u00e9s","article_publisher":"https:\/\/www.facebook.com\/nuria.garces","article_modified_time":"2023-11-06T12:03:59+00:00","og_image":[{"width":1024,"height":680,"url":"http:\/\/nuriagarces.cat\/wp-content\/uploads\/2023\/06\/nuria-garces-1.png","type":"image\/png"}],"twitter_card":"summary_large_image","twitter_site":"@nuriagarcesm","twitter_misc":{"Est. reading time":"11 minutes"},"schema":{"@context":"https:\/\/schema.org","@graph":[{"@type":"WebPage","@id":"http:\/\/nuriagarces.cat\/en\/contact\/","url":"http:\/\/nuriagarces.cat\/en\/contact\/","name":"Contact | N\u00faria Garc\u00e9s","isPartOf":{"@id":"https:\/\/nuriagarces.cat\/en\/#website"},"datePublished":"2023-07-25T11:29:31+00:00","dateModified":"2023-11-06T12:03:59+00:00","breadcrumb":{"@id":"http:\/\/nuriagarces.cat\/en\/contact\/#breadcrumb"},"inLanguage":"en-US","potentialAction":[{"@type":"ReadAction","target":["http:\/\/nuriagarces.cat\/en\/contact\/"]}]},{"@type":"BreadcrumbList","@id":"http:\/\/nuriagarces.cat\/en\/contact\/#breadcrumb","itemListElement":[{"@type":"ListItem","position":1,"name":"Inici","item":"http:\/\/nuriagarces.cat\/en\/"},{"@type":"ListItem","position":2,"name":"Contact"}]},{"@type":"WebSite","@id":"https:\/\/nuriagarces.cat\/en\/#website","url":"https:\/\/nuriagarces.cat\/en\/","name":"N\u00faria Garc\u00e9s","description":"Ag\u00e8ncia relacions p\u00fabliques Barcelona","publisher":{"@id":"https:\/\/nuriagarces.cat\/en\/#\/schema\/person\/9c7fcbb229a10cb4cec4f9863664f43e"},"alternateName":"N\u00faria Garc\u00e9s","potentialAction":[{"@type":"SearchAction","target":{"@type":"EntryPoint","urlTemplate":"https:\/\/nuriagarces.cat\/en\/?s={search_term_string}"},"query-input":{"@type":"PropertyValueSpecification","valueRequired":true,"valueName":"search_term_string"}}],"inLanguage":"en-US"},{"@type":["Person","Organization"],"@id":"https:\/\/nuriagarces.cat\/en\/#\/schema\/person\/9c7fcbb229a10cb4cec4f9863664f43e","name":"Nuria","image":{"@type":"ImageObject","inLanguage":"en-US","@id":"https:\/\/nuriagarces.cat\/en\/#\/schema\/person\/image\/","url":"http:\/\/nuriagarces.cat\/wp-content\/uploads\/2023\/07\/Favicon-270-Nuria-Garces.jpg","contentUrl":"http:\/\/nuriagarces.cat\/wp-content\/uploads\/2023\/07\/Favicon-270-Nuria-Garces.jpg","width":270,"height":236,"caption":"Nuria"},"logo":{"@id":"https:\/\/nuriagarces.cat\/en\/#\/schema\/person\/image\/"},"sameAs":["https:\/\/www.nuriagarces.com\/","https:\/\/www.facebook.com\/nuria.garces","https:\/\/www.instagram.com\/ngarcesm\/","https:\/\/x.com\/nuriagarcesm"]}]}},"_links":{"self":[{"href":"http:\/\/nuriagarces.cat\/en\/wp-json\/wp\/v2\/pages\/2412","targetHints":{"allow":["GET"]}}],"collection":[{"href":"http:\/\/nuriagarces.cat\/en\/wp-json\/wp\/v2\/pages"}],"about":[{"href":"http:\/\/nuriagarces.cat\/en\/wp-json\/wp\/v2\/types\/page"}],"author":[{"embeddable":true,"href":"http:\/\/nuriagarces.cat\/en\/wp-json\/wp\/v2\/users\/1"}],"replies":[{"embeddable":true,"href":"http:\/\/nuriagarces.cat\/en\/wp-json\/wp\/v2\/comments?post=2412"}],"version-history":[{"count":3,"href":"http:\/\/nuriagarces.cat\/en\/wp-json\/wp\/v2\/pages\/2412\/revisions"}],"predecessor-version":[{"id":3755,"href":"http:\/\/nuriagarces.cat\/en\/wp-json\/wp\/v2\/pages\/2412\/revisions\/3755"}],"wp:attachment":[{"href":"http:\/\/nuriagarces.cat\/en\/wp-json\/wp\/v2\/media?parent=2412"}],"curies":[{"name":"wp","href":"https:\/\/api.w.org\/{rel}","templated":true}]}}