{"id":365,"date":"2023-07-06T11:15:48","date_gmt":"2023-07-06T11:15:48","guid":{"rendered":"http:\/\/www.nuriagarces.cat.mialias.net\/?page_id=365"},"modified":"2023-10-05T15:46:11","modified_gmt":"2023-10-05T15:46:11","slug":"cookies-policy","status":"publish","type":"page","link":"http:\/\/nuriagarces.cat\/en\/cookies-policy\/","title":{"rendered":"Cookies policy"},"content":{"rendered":"<div class=\"fusion-fullwidth fullwidth-box fusion-builder-row-1 fusion-flex-container nonhundred-percent-fullwidth non-hundred-percent-height-scrolling\" style=\"--awb-border-radius-top-left:0px;--awb-border-radius-top-right:0px;--awb-border-radius-bottom-right:0px;--awb-border-radius-bottom-left:0px;--awb-flex-wrap:wrap;\" ><div class=\"fusion-builder-row fusion-row fusion-flex-align-items-flex-start fusion-flex-content-wrap\" style=\"max-width:1248px;margin-left: calc(-4% \/ 2 );margin-right: calc(-4% \/ 2 );\"><div class=\"fusion-layout-column fusion_builder_column fusion-builder-column-0 fusion_builder_column_1_1 1_1 fusion-flex-column\" style=\"--awb-bg-size:cover;--awb-width-large:100%;--awb-margin-top-large:0px;--awb-spacing-right-large:1.92%;--awb-margin-bottom-large:0px;--awb-spacing-left-large:1.92%;--awb-width-medium:100%;--awb-spacing-right-medium:1.92%;--awb-spacing-left-medium:1.92%;--awb-width-small:100%;--awb-spacing-right-small:1.92%;--awb-spacing-left-small:1.92%;\"><div class=\"fusion-column-wrapper fusion-flex-justify-content-flex-start fusion-content-layout-column\"><div class=\"fusion-text fusion-text-1\"><p><b>1.- What are cookies?\u00a0<\/b><\/p>\n<p><span style=\"font-weight: 400;\">A cookie is a file that is downloaded to your computer when you access certain web pages. Cookies allow a website, among other things, to store and retrieve information about the browsing habits of a user or their computer and, depending on the information they contain and the way in which the equipment is used, they can be used to recognize it.\u00a0<\/span><\/p>\n<p><b>\u00a0<\/b><\/p>\n<h2><b>2.- Types of cookies<\/b><\/h2>\n<ol>\n<li><span style=\"font-weight: 400;\"> Depending on the owner of the cookie, there are:<\/span><\/li>\n<li><b>a) Own cookies<\/b><span style=\"font-weight: 400;\">: are those that are sent to the user&#8217;s terminal equipment from a computer or domain managed by the editor itself and from which the service requested by the user is provided.<\/span><\/li>\n<li><b>b) Third-party<\/b><span style=\"font-weight: 400;\"> cookies: are those that are sent to the user&#8217;s terminal equipment from a computer or domain that is not managed by the publisher, but by another entity that processes the data obtained through cookies.\u00a0<\/span><\/li>\n<li><span style=\"font-weight: 400;\"> Depending on the duration of the cookie, there are:<\/span><\/li>\n<li><b>a) Session cookies:<\/b><span style=\"font-weight: 400;\"> are a type of cookies designed to collect and store data while the user accesses a web page.<\/span><\/li>\n<\/ol>\n<p><b>b). Persistent cookies:<\/b><span style=\"font-weight: 400;\"> these are a type of cookie with which the data remain stored in the terminal and can be accessed and processed for a period defined by the person responsible for the cookie, a period that can range from a few minutes to several years.<\/span><\/p>\n<ol start=\"3\">\n<li><span style=\"font-weight: 400;\"> Depending on the purpose of the cookie, there are:<\/span><\/li>\n<li><b>a) Analysis cookies<\/b><span style=\"font-weight: 400;\">: are those that, if they are well treated by us or by third parties, allow us to quantify the number of users and thus perform the measurement and statistical analysis of the use made of the service offered. To do this, the user&#8217;s browsing on our website is analysed in order to improve the range of products or services we offer.<\/span><\/li>\n<li><b>b) Behavioral advertising cookies<\/b><span style=\"font-weight: 400;\">: are those that allow the management, in the most efficient way possible, of the advertising spaces that, where appropriate, the editor has included in a web page, application or platform from which it provides the requested service. These cookies store information on the behavior of users obtained through the continuous observation of their browsing habits, which allows the development of a specific profile to display advertising based on this profile.<\/span><\/li>\n<\/ol>\n<p><span style=\"font-weight: 400;\">Likewise, it is possible that when you visit a website or open an email where an advertisement or promotion about our products or services is published, a cookie is installed in your browser that serves to show, subsequently, advertising related to the search that has been made and to develop control of our ads in relation to,\u00a0 For example, with the number of times they have been seen, where they appear, at what time they are seen, etc.<\/span><\/p>\n<ol>\n<li><b>c) Technical cookies<\/b><span style=\"font-weight: 400;\">: are those that allow the user to navigate through a web page, platform or application and the use of the different options or services that exist in it, such as, for example, controlling traffic and data communication, identifying the session, accessing restricted access parts, remembering the elements that make up an order,\u00a0 Carry out the purchase process of an order, make the request for registration or participation in an event, use security elements during navigation, store content for the dissemination of videos or sound, or share content through social networks.<\/span><\/li>\n<li><b>d) Personalization cookies<\/b><span style=\"font-weight: 400;\">: are those that allow the user to access the service with some predefined general characteristics based on a series of criteria of the user&#8217;s terminal, such as the language, the type of browser through which you access the service, the regional configuration from where you access the service, etc.<\/span><\/li>\n<\/ol>\n<h2><b>3.- Cookies used in www.nuriagarces.com<\/b><\/h2>\n<p><span style=\"font-weight: 400;\">On the website we nuriagarces.com normally use our own and third-party cookies for the purposes indicated below.<\/span><\/p>\n<p><span style=\"font-weight: 400;\">The information provided by cookies can help us provide a better user experience when visiting our websites. In addition, the third-party service providers with whom we have contracted a service for which the use of cookies is necessary are:<\/span><\/p>\n<table>\n<tbody>\n<tr>\n<td colspan=\"4\"><b><br \/>\n<\/b><b>List of the different cookies used on corporate websites<\/b><\/td>\n<\/tr>\n<tr>\n<td><b>Name of supplier<\/b><\/td>\n<td><b>Purpose of the cookie<\/b><\/td>\n<td><b>Description of the purpose of the cookie<\/b><\/td>\n<td><b>More information about the use of third-party cookies<\/b><\/td>\n<\/tr>\n<tr>\n<td><span style=\"font-weight: 400;\">Google Analytics<\/span><\/td>\n<td><span style=\"font-weight: 400;\">Audience study<\/span><\/td>\n<td><span style=\"font-weight: 400;\">Obtain navigation information and measure and analyze the audience.<\/span><\/td>\n<td><span style=\"font-weight: 400;\">Learn more about <\/span><a href=\"http:\/\/www.google.com\/intl\/es\/policies\/\"><span style=\"font-weight: 400;\">Google Analytics<\/span><\/a><\/td>\n<\/tr>\n<tr>\n<td><span style=\"font-weight: 400;\">YouTube<\/span><\/td>\n<td><span style=\"font-weight: 400;\">Viewing embedded videos<\/span><\/td>\n<td><span style=\"font-weight: 400;\">View embedded videos, estimate their bandwidth, record the most recent videos watched in a specific browser, allow control of visits to YouTube videos.<\/span><\/td>\n<td><span style=\"font-weight: 400;\">Learn more about <\/span><a href=\"http:\/\/www.google.es\/intl\/es\/policies\/technologies\/types\/\"><span style=\"font-weight: 400;\">YouTube<\/span><\/a><\/td>\n<\/tr>\n<tr>\n<td><span style=\"font-weight: 400;\">Twitter<\/span><\/td>\n<td><span style=\"font-weight: 400;\">Information sharing<\/span><\/td>\n<td><span style=\"font-weight: 400;\">Interact with the social network and other purposes of Twitter.<\/span><\/td>\n<td><span style=\"font-weight: 400;\">More information about <\/span><a href=\"https:\/\/help.twitter.com\/es\/rules-and-policies\/twitter-cookies\"><span style=\"font-weight: 400;\">Twitter<\/span><\/a><\/td>\n<\/tr>\n<tr>\n<td><span style=\"font-weight: 400;\">Facebook<\/span><\/td>\n<td><span style=\"font-weight: 400;\">Share content<\/span><\/td>\n<td><span style=\"font-weight: 400;\">Interact with the social network and other features of Facebook<\/span><\/td>\n<td><span style=\"font-weight: 400;\">More information about <\/span><a href=\"https:\/\/www.facebook.com\/policies\/cookies\/\"><span style=\"font-weight: 400;\">Facebook<\/span><\/a><\/td>\n<\/tr>\n<tr>\n<td><span style=\"font-weight: 400;\">LinkedIn<\/span><\/td>\n<td><span style=\"font-weight: 400;\">Technical and analytical functions<\/span><\/td>\n<td><span style=\"font-weight: 400;\">Make browsing easier for our visitors. It detects if you have logged in to LinkedIn every time you visit our website and this information is supplemented if you follow and share &#8220;about LinkedIn&#8221;. These cookies also store user information such as: IP address, browser type, operating system&#8230;<\/span><\/td>\n<td><span style=\"font-weight: 400;\">More information about<\/span><a href=\"https:\/\/www.linkedin.com\/legal\/cookie_policy\"><span style=\"font-weight: 400;\">LinkedIn<\/span><\/a><\/td>\n<\/tr>\n<tr>\n<td><span style=\"font-weight: 400;\">WordPress<\/span><\/td>\n<td><span style=\"font-weight: 400;\">Access to blogs<\/span><\/td>\n<td><span style=\"font-weight: 400;\">\u00a0<\/span><\/p>\n<p><span style=\"font-weight: 400;\">Register, identify and access blogs and WordPress&#8217; own purposes.<\/span><\/td>\n<td><span style=\"font-weight: 400;\">Learn more about <\/span><a href=\"https:\/\/automattic.com\/cookies\/\"><span style=\"font-weight: 400;\">WordPress<\/span><\/a><\/td>\n<\/tr>\n<\/tbody>\n<\/table>\n<p><span style=\"font-weight: 400;\">\u00a0<\/span><\/p>\n<p><b>Note<\/b><span style=\"font-weight: 400;\">. This list will be updated as soon as possible, as the services offered on the websites and the cookies used for this purpose change. However, occasionally, during this update, the list may no longer include a cookie, although it will always refer to cookies with identical purposes to those registered in this list.<\/span><\/p>\n<h2><b>4.- Informed consent<\/b><\/h2>\n<p><span style=\"font-weight: 400;\">The use of this website implies that express and unequivocal consent has been given to the use of cookies, under the terms and conditions provided in this Cookies Policy, without prejudice to the measures for deactivating and deleting cookies that the user may adopt and that are mentioned in the following section.<\/span><\/p>\n<h2><b>5.- Revocation and elimination of cookies<\/b><\/h2>\n<p><span style=\"font-weight: 400;\">You can allow, block or delete cookies installed on your computer by configuring the browser options that the user has installed on your computer. If you have not allowed the installation of cookies in your browser, you may not be able to access some sections of our websites. Check your browser for tools and options for deleting cookies.<\/span><\/p>\n<h2><b>6.\u2013 Updates and changes to the privacy policy \/ cookies<\/b><\/h2>\n<p><span style=\"font-weight: 400;\">The website may nuriagarces.com modify this Cookies Policy according to legislative and regulatory requirements or in order to adapt said policy to the instructions issued by the Spanish Agency for Data Protection. Therefore, users are advised to visit it periodically.<\/span><\/p>\n<p><span style=\"font-weight: 400;\">When significant changes occur in this Cookies Policy, users will be notified through the website or, if they are registered, through an email.<\/span><\/p>\n<h2><b>7.- Additional guarantees \u2013 Management of cookies<\/b><\/h2>\n<p><span style=\"font-weight: 400;\">As an additional guarantee to those described above, the registration of cookies may be subject to your acceptance during the installation or update of the browser used, and this acceptance may at any time be revoked through the available content and privacy configuration options. Many browsers allow you to activate a private mode through which cookies are always deleted after your visit. Depending on each browser, this private mode can have different names. Below you will find a list of the most common browsers and the different names of this &#8216;private mode&#8217;:<\/span><\/p>\n<ul>\n<li style=\"font-weight: 400;\" aria-level=\"1\"><span style=\"font-weight: 400;\">Internet Explorer 8 and above; InPrivate\u00a0<\/span><\/li>\n<li style=\"font-weight: 400;\" aria-level=\"1\"><span style=\"font-weight: 400;\">Safari 2 and higher; Private Browsing\u00a0<\/span><\/li>\n<li style=\"font-weight: 400;\" aria-level=\"1\"><span style=\"font-weight: 400;\">Opera 10.5 and above; Private Browsing\u00a0<\/span><\/li>\n<li style=\"font-weight: 400;\" aria-level=\"1\"><span style=\"font-weight: 400;\">FireFox 3.5 and higher; Private Browsing\u00a0<\/span><\/li>\n<li style=\"font-weight: 400;\" aria-level=\"1\"><span style=\"font-weight: 400;\">Google Chrome 10 and above; Unknown\u00a0<\/span><\/li>\n<\/ul>\n<p><span style=\"font-weight: 400;\">Important: Please read the help section of your browser carefully to learn more about how to activate the &#8216;private mode&#8217;, although your browsing on our website may not be optimal and some utilities may not work correctly.<\/span><\/p>\n<p><span style=\"font-weight: 400;\">The user may, at any time, choose which cookies he wants to work on this website through the browser settings. In this case, nuriagarces.com does not guarantee the proper functioning of the website.<\/span><\/p>\n<p><span style=\"font-weight: 400;\">To modify the browser settings, consult the manufacturer&#8217;s help. For example:<\/span><\/p>\n<ul>\n<li style=\"font-weight: 400;\" aria-level=\"1\"><span style=\"font-weight: 400;\">Chrome, from https:\/\/support.google.com\/chrome\/answer\/95647?hl=es\u00a0\u00a0<\/span><\/li>\n<li style=\"font-weight: 400;\" aria-level=\"1\"><span style=\"font-weight: 400;\">Explorer, from <\/span><a href=\"https:\/\/support.microsoft.com\/es-es\/help\/17442\/windows-internet-explorer-delete-manage-cookies\"><span style=\"font-weight: 400;\">https:\/\/support.microsoft.com\/es-es\/help\/17442\/windows-internet-explorer-delete-manage-cookies<\/span><\/a><span style=\"font-weight: 400;\">\u00a0<\/span><\/li>\n<li style=\"font-weight: 400;\" aria-level=\"1\"><span style=\"font-weight: 400;\">Firefox, from <\/span><a href=\"https:\/\/support.mozilla.org\/es\/kb\/habilitar-y-deshabilitar-cookies-sitios-web-rastrear-preferencias\"><span style=\"font-weight: 400;\">https:\/\/support.mozilla.org\/es\/kb\/habilitar-y-deshabilitar-cookies-sitios-web-rastrear-preferencias<\/span><\/a><span style=\"font-weight: 400;\">\u00a0<\/span><\/li>\n<li style=\"font-weight: 400;\" aria-level=\"1\"><span style=\"font-weight: 400;\">Safari, from <\/span><a href=\"http:\/\/support.apple.com\/kb\/ph5042\"><span style=\"font-weight: 400;\">http:\/\/support.apple.com\/kb\/ph5042<\/span><\/a><span style=\"font-weight: 400;\">\u00a0<\/span><\/li>\n<\/ul>\n<p><a href=\"https:\/\/acelerapyme.gob.es\/kit-digital\" target=\"_blank\" rel=\"noopener\"><img decoding=\"async\" class=\"lazyload alignnone size-full wp-image-281\" src=\"http:\/\/nuriagarces.cat\/wp-content\/uploads\/2023\/07\/Logo-digitalizadores.png\" data-orig-src=\"http:\/\/nuriagarces.cat\/wp-content\/uploads\/2023\/07\/Logo-digitalizadores.png\" alt=\"\" width=\"3000\" height=\"348\" srcset=\"data:image\/svg+xml,%3Csvg%20xmlns%3D%27http%3A%2F%2Fwww.w3.org%2F2000%2Fsvg%27%20width%3D%273000%27%20height%3D%27348%27%20viewBox%3D%270%200%203000%20348%27%3E%3Crect%20width%3D%273000%27%20height%3D%27348%27%20fill-opacity%3D%220%22%2F%3E%3C%2Fsvg%3E\" data-srcset=\"http:\/\/nuriagarces.cat\/wp-content\/uploads\/2023\/07\/Logo-digitalizadores-200x23.png 200w, http:\/\/nuriagarces.cat\/wp-content\/uploads\/2023\/07\/Logo-digitalizadores-300x35.png 300w, http:\/\/nuriagarces.cat\/wp-content\/uploads\/2023\/07\/Logo-digitalizadores-400x46.png 400w, http:\/\/nuriagarces.cat\/wp-content\/uploads\/2023\/07\/Logo-digitalizadores-600x70.png 600w, http:\/\/nuriagarces.cat\/wp-content\/uploads\/2023\/07\/Logo-digitalizadores-768x89.png 768w, http:\/\/nuriagarces.cat\/wp-content\/uploads\/2023\/07\/Logo-digitalizadores-800x93.png 800w, http:\/\/nuriagarces.cat\/wp-content\/uploads\/2023\/07\/Logo-digitalizadores-1024x119.png 1024w, http:\/\/nuriagarces.cat\/wp-content\/uploads\/2023\/07\/Logo-digitalizadores-1200x139.png 1200w, http:\/\/nuriagarces.cat\/wp-content\/uploads\/2023\/07\/Logo-digitalizadores-1536x178.png 1536w, http:\/\/nuriagarces.cat\/wp-content\/uploads\/2023\/07\/Logo-digitalizadores.png 3000w\" data-sizes=\"auto\" data-orig-sizes=\"(max-width: 3000px) 100vw, 3000px\" \/><\/a><\/p>\n<\/div><\/div><\/div><\/div><\/div>\n","protected":false},"excerpt":{"rendered":"","protected":false},"author":1,"featured_media":0,"parent":0,"menu_order":0,"comment_status":"closed","ping_status":"closed","template":"100-width.php","meta":{"footnotes":""},"class_list":["post-365","page","type-page","status-publish","hentry"],"yoast_head":"<!-- This site is optimized with the Yoast SEO plugin v23.7 - https:\/\/yoast.com\/wordpress\/plugins\/seo\/ -->\r\n<title>Cookies policy | N\u00faria Garc\u00e9s<\/title>\r\n<meta name=\"robots\" content=\"index, follow, max-snippet:-1, max-image-preview:large, max-video-preview:-1\" \/>\r\n<link rel=\"canonical\" href=\"http:\/\/nuriagarces.cat\/en\/cookies-policy\/\" \/>\r\n<meta property=\"og:locale\" content=\"en_US\" \/>\r\n<meta property=\"og:type\" content=\"article\" \/>\r\n<meta property=\"og:title\" content=\"Cookies policy | N\u00faria Garc\u00e9s\" \/>\r\n<meta property=\"og:url\" content=\"http:\/\/nuriagarces.cat\/en\/cookies-policy\/\" \/>\r\n<meta property=\"og:site_name\" content=\"N\u00faria Garc\u00e9s\" \/>\r\n<meta property=\"article:publisher\" content=\"https:\/\/www.facebook.com\/nuria.garces\" \/>\r\n<meta property=\"article:modified_time\" content=\"2023-10-05T15:46:11+00:00\" \/>\r\n<meta property=\"og:image\" content=\"http:\/\/nuriagarces.cat\/wp-content\/uploads\/2023\/07\/Logo-digitalizadores.png\" \/>\r\n<meta name=\"twitter:card\" content=\"summary_large_image\" \/>\r\n<meta name=\"twitter:site\" content=\"@nuriagarcesm\" \/>\r\n<meta name=\"twitter:label1\" content=\"Est. reading time\" \/>\n\t<meta name=\"twitter:data1\" content=\"8 minutes\" \/>\r\n<script type=\"application\/ld+json\" class=\"yoast-schema-graph\">{\"@context\":\"https:\/\/schema.org\",\"@graph\":[{\"@type\":\"WebPage\",\"@id\":\"http:\/\/nuriagarces.cat\/en\/cookies-policy\/\",\"url\":\"http:\/\/nuriagarces.cat\/en\/cookies-policy\/\",\"name\":\"Cookies policy | N\u00faria Garc\u00e9s\",\"isPartOf\":{\"@id\":\"http:\/\/nuriagarces.cat\/en\/#website\"},\"primaryImageOfPage\":{\"@id\":\"http:\/\/nuriagarces.cat\/en\/cookies-policy\/#primaryimage\"},\"image\":{\"@id\":\"http:\/\/nuriagarces.cat\/en\/cookies-policy\/#primaryimage\"},\"thumbnailUrl\":\"http:\/\/nuriagarces.cat\/wp-content\/uploads\/2023\/07\/Logo-digitalizadores.png\",\"datePublished\":\"2023-07-06T11:15:48+00:00\",\"dateModified\":\"2023-10-05T15:46:11+00:00\",\"breadcrumb\":{\"@id\":\"http:\/\/nuriagarces.cat\/en\/cookies-policy\/#breadcrumb\"},\"inLanguage\":\"en-US\",\"potentialAction\":[{\"@type\":\"ReadAction\",\"target\":[\"http:\/\/nuriagarces.cat\/en\/cookies-policy\/\"]}]},{\"@type\":\"ImageObject\",\"inLanguage\":\"en-US\",\"@id\":\"http:\/\/nuriagarces.cat\/en\/cookies-policy\/#primaryimage\",\"url\":\"http:\/\/nuriagarces.cat\/wp-content\/uploads\/2023\/07\/Logo-digitalizadores.png\",\"contentUrl\":\"http:\/\/nuriagarces.cat\/wp-content\/uploads\/2023\/07\/Logo-digitalizadores.png\"},{\"@type\":\"BreadcrumbList\",\"@id\":\"http:\/\/nuriagarces.cat\/en\/cookies-policy\/#breadcrumb\",\"itemListElement\":[{\"@type\":\"ListItem\",\"position\":1,\"name\":\"Inici\",\"item\":\"https:\/\/nuriagarces.cat\/en\/\"},{\"@type\":\"ListItem\",\"position\":2,\"name\":\"Cookies policy\"}]},{\"@type\":\"WebSite\",\"@id\":\"http:\/\/nuriagarces.cat\/en\/#website\",\"url\":\"http:\/\/nuriagarces.cat\/en\/\",\"name\":\"N\u00faria Garc\u00e9s\",\"description\":\"Ag\u00e8ncia relacions p\u00fabliques Barcelona\",\"publisher\":{\"@id\":\"http:\/\/nuriagarces.cat\/en\/#\/schema\/person\/9c7fcbb229a10cb4cec4f9863664f43e\"},\"alternateName\":\"N\u00faria Garc\u00e9s\",\"potentialAction\":[{\"@type\":\"SearchAction\",\"target\":{\"@type\":\"EntryPoint\",\"urlTemplate\":\"http:\/\/nuriagarces.cat\/en\/?s={search_term_string}\"},\"query-input\":{\"@type\":\"PropertyValueSpecification\",\"valueRequired\":true,\"valueName\":\"search_term_string\"}}],\"inLanguage\":\"en-US\"},{\"@type\":[\"Person\",\"Organization\"],\"@id\":\"http:\/\/nuriagarces.cat\/en\/#\/schema\/person\/9c7fcbb229a10cb4cec4f9863664f43e\",\"name\":\"Nuria\",\"image\":{\"@type\":\"ImageObject\",\"inLanguage\":\"en-US\",\"@id\":\"http:\/\/nuriagarces.cat\/en\/#\/schema\/person\/image\/\",\"url\":\"http:\/\/nuriagarces.cat\/wp-content\/uploads\/2023\/07\/Favicon-270-Nuria-Garces.jpg\",\"contentUrl\":\"http:\/\/nuriagarces.cat\/wp-content\/uploads\/2023\/07\/Favicon-270-Nuria-Garces.jpg\",\"width\":270,\"height\":236,\"caption\":\"Nuria\"},\"logo\":{\"@id\":\"http:\/\/nuriagarces.cat\/en\/#\/schema\/person\/image\/\"},\"sameAs\":[\"https:\/\/www.nuriagarces.com\/\",\"https:\/\/www.facebook.com\/nuria.garces\",\"https:\/\/www.instagram.com\/ngarcesm\/\",\"https:\/\/x.com\/nuriagarcesm\"]}]}<\/script>\r\n<!-- \/ Yoast SEO plugin. -->","yoast_head_json":{"title":"Cookies policy | N\u00faria Garc\u00e9s","robots":{"index":"index","follow":"follow","max-snippet":"max-snippet:-1","max-image-preview":"max-image-preview:large","max-video-preview":"max-video-preview:-1"},"canonical":"http:\/\/nuriagarces.cat\/en\/cookies-policy\/","og_locale":"en_US","og_type":"article","og_title":"Cookies policy | N\u00faria Garc\u00e9s","og_url":"http:\/\/nuriagarces.cat\/en\/cookies-policy\/","og_site_name":"N\u00faria Garc\u00e9s","article_publisher":"https:\/\/www.facebook.com\/nuria.garces","article_modified_time":"2023-10-05T15:46:11+00:00","og_image":[{"url":"http:\/\/nuriagarces.cat\/wp-content\/uploads\/2023\/07\/Logo-digitalizadores.png"}],"twitter_card":"summary_large_image","twitter_site":"@nuriagarcesm","twitter_misc":{"Est. reading time":"8 minutes"},"schema":{"@context":"https:\/\/schema.org","@graph":[{"@type":"WebPage","@id":"http:\/\/nuriagarces.cat\/en\/cookies-policy\/","url":"http:\/\/nuriagarces.cat\/en\/cookies-policy\/","name":"Cookies policy | N\u00faria Garc\u00e9s","isPartOf":{"@id":"http:\/\/nuriagarces.cat\/en\/#website"},"primaryImageOfPage":{"@id":"http:\/\/nuriagarces.cat\/en\/cookies-policy\/#primaryimage"},"image":{"@id":"http:\/\/nuriagarces.cat\/en\/cookies-policy\/#primaryimage"},"thumbnailUrl":"http:\/\/nuriagarces.cat\/wp-content\/uploads\/2023\/07\/Logo-digitalizadores.png","datePublished":"2023-07-06T11:15:48+00:00","dateModified":"2023-10-05T15:46:11+00:00","breadcrumb":{"@id":"http:\/\/nuriagarces.cat\/en\/cookies-policy\/#breadcrumb"},"inLanguage":"en-US","potentialAction":[{"@type":"ReadAction","target":["http:\/\/nuriagarces.cat\/en\/cookies-policy\/"]}]},{"@type":"ImageObject","inLanguage":"en-US","@id":"http:\/\/nuriagarces.cat\/en\/cookies-policy\/#primaryimage","url":"http:\/\/nuriagarces.cat\/wp-content\/uploads\/2023\/07\/Logo-digitalizadores.png","contentUrl":"http:\/\/nuriagarces.cat\/wp-content\/uploads\/2023\/07\/Logo-digitalizadores.png"},{"@type":"BreadcrumbList","@id":"http:\/\/nuriagarces.cat\/en\/cookies-policy\/#breadcrumb","itemListElement":[{"@type":"ListItem","position":1,"name":"Inici","item":"https:\/\/nuriagarces.cat\/en\/"},{"@type":"ListItem","position":2,"name":"Cookies policy"}]},{"@type":"WebSite","@id":"http:\/\/nuriagarces.cat\/en\/#website","url":"http:\/\/nuriagarces.cat\/en\/","name":"N\u00faria Garc\u00e9s","description":"Ag\u00e8ncia relacions p\u00fabliques Barcelona","publisher":{"@id":"http:\/\/nuriagarces.cat\/en\/#\/schema\/person\/9c7fcbb229a10cb4cec4f9863664f43e"},"alternateName":"N\u00faria Garc\u00e9s","potentialAction":[{"@type":"SearchAction","target":{"@type":"EntryPoint","urlTemplate":"http:\/\/nuriagarces.cat\/en\/?s={search_term_string}"},"query-input":{"@type":"PropertyValueSpecification","valueRequired":true,"valueName":"search_term_string"}}],"inLanguage":"en-US"},{"@type":["Person","Organization"],"@id":"http:\/\/nuriagarces.cat\/en\/#\/schema\/person\/9c7fcbb229a10cb4cec4f9863664f43e","name":"Nuria","image":{"@type":"ImageObject","inLanguage":"en-US","@id":"http:\/\/nuriagarces.cat\/en\/#\/schema\/person\/image\/","url":"http:\/\/nuriagarces.cat\/wp-content\/uploads\/2023\/07\/Favicon-270-Nuria-Garces.jpg","contentUrl":"http:\/\/nuriagarces.cat\/wp-content\/uploads\/2023\/07\/Favicon-270-Nuria-Garces.jpg","width":270,"height":236,"caption":"Nuria"},"logo":{"@id":"http:\/\/nuriagarces.cat\/en\/#\/schema\/person\/image\/"},"sameAs":["https:\/\/www.nuriagarces.com\/","https:\/\/www.facebook.com\/nuria.garces","https:\/\/www.instagram.com\/ngarcesm\/","https:\/\/x.com\/nuriagarcesm"]}]}},"_links":{"self":[{"href":"http:\/\/nuriagarces.cat\/en\/wp-json\/wp\/v2\/pages\/365","targetHints":{"allow":["GET"]}}],"collection":[{"href":"http:\/\/nuriagarces.cat\/en\/wp-json\/wp\/v2\/pages"}],"about":[{"href":"http:\/\/nuriagarces.cat\/en\/wp-json\/wp\/v2\/types\/page"}],"author":[{"embeddable":true,"href":"http:\/\/nuriagarces.cat\/en\/wp-json\/wp\/v2\/users\/1"}],"replies":[{"embeddable":true,"href":"http:\/\/nuriagarces.cat\/en\/wp-json\/wp\/v2\/comments?post=365"}],"version-history":[{"count":3,"href":"http:\/\/nuriagarces.cat\/en\/wp-json\/wp\/v2\/pages\/365\/revisions"}],"predecessor-version":[{"id":2726,"href":"http:\/\/nuriagarces.cat\/en\/wp-json\/wp\/v2\/pages\/365\/revisions\/2726"}],"wp:attachment":[{"href":"http:\/\/nuriagarces.cat\/en\/wp-json\/wp\/v2\/media?parent=365"}],"curies":[{"name":"wp","href":"https:\/\/api.w.org\/{rel}","templated":true}]}}