{"id":345,"date":"2023-07-06T10:49:35","date_gmt":"2023-07-06T10:49:35","guid":{"rendered":"http:\/\/www.nuriagarces.cat.mialias.net\/?page_id=345"},"modified":"2023-10-05T15:42:52","modified_gmt":"2023-10-05T15:42:52","slug":"declaracion-de-accesibilidad","status":"publish","type":"page","link":"http:\/\/nuriagarces.cat\/es\/declaracion-de-accesibilidad\/","title":{"rendered":"Declaraci\u00f3n de accesibilidad"},"content":{"rendered":"<div class=\"fusion-fullwidth fullwidth-box fusion-builder-row-1 fusion-flex-container nonhundred-percent-fullwidth non-hundred-percent-height-scrolling\" style=\"--awb-border-radius-top-left:0px;--awb-border-radius-top-right:0px;--awb-border-radius-bottom-right:0px;--awb-border-radius-bottom-left:0px;--awb-flex-wrap:wrap;\" ><div class=\"fusion-builder-row fusion-row fusion-flex-align-items-flex-start fusion-flex-content-wrap\" style=\"max-width:1248px;margin-left: calc(-4% \/ 2 );margin-right: calc(-4% \/ 2 );\"><div class=\"fusion-layout-column fusion_builder_column fusion-builder-column-0 fusion_builder_column_1_1 1_1 fusion-flex-column\" style=\"--awb-bg-size:cover;--awb-width-large:100%;--awb-margin-top-large:0px;--awb-spacing-right-large:1.92%;--awb-margin-bottom-large:0px;--awb-spacing-left-large:1.92%;--awb-width-medium:100%;--awb-spacing-right-medium:1.92%;--awb-spacing-left-medium:1.92%;--awb-width-small:100%;--awb-spacing-right-small:1.92%;--awb-spacing-left-small:1.92%;\"><div class=\"fusion-column-wrapper fusion-flex-justify-content-flex-start fusion-content-layout-column\"><div class=\"fusion-text fusion-text-1\"><p><span style=\"font-weight: 400;\">Nuriagarces.com se ha comprometido a hacer accesibles sus sitio web de conformidad con el Real Decreto 1112\/2018, de 7 de septiembre, sobre accesibilidad de los sitios web y aplicaciones para dispositivos m\u00f3viles (en adelante, Real Decreto 1112\/2018, de 7 de septiembre).<\/span><\/p>\n<p><span style=\"font-weight: 400;\">La presente declaraci\u00f3n de accesibilidad se aplica al sitio web <\/span><a href=\"http:\/\/www.nuriagarces.com\"><span style=\"font-weight: 400;\">www.nuriagarces.com<\/span><\/a><span style=\"font-weight: 400;\"> (los subdominios de este sitio web tendr\u00e1n sus propias declaraciones de accesibilidad).<\/span><\/p>\n<p><strong>Situaci\u00f3n de cumplimiento<\/strong><\/p>\n<p><span style=\"font-weight: 400;\">Este sitio web es parcialmente conforme con el Real Decreto 1112\/2018, de 7 de septiembre, debido a la falta de conformidad de los aspectos que se indican a continuaci\u00f3n.<\/span><\/p>\n<ul>\n<li><span style=\"font-weight: 400;\">Contenido no accesible<\/span><\/li>\n<\/ul>\n<p><span style=\"font-weight: 400;\">El contenido que se recoge a continuaci\u00f3n no es accesible por lo siguiente:<\/span><\/p>\n<ul>\n<li><span style=\"font-weight: 400;\">Falta de conformidad con el Real Decreto 1112\/2018, de 7 de septiembre: podr\u00edan existir fallos puntuales de edici\u00f3n en alguna p\u00e1gina web, tanto en contenidos HTML como en documentos finales, publicados en fecha posterior al 20 de septiembre de 2018 (fecha de entrada en vigor del Real Decreto 1112\/2018, de 7 de septiembre). Concretamente puede haber errores en aquellos documentos que contienen gr\u00e1ficos, tablas complejas o en aquellos firmados electr\u00f3nicamente antes de su revisi\u00f3n de accesibilidad.<\/span><\/li>\n<li><span style=\"font-weight: 400;\">Carga desproporcionada: no aplica.<\/span><\/li>\n<li><span style=\"font-weight: 400;\">El contenido no entra dentro del \u00e1mbito de la legislaci\u00f3n aplicable: Existen archivos ofim\u00e1ticos en PDF u otros formatos que no cumplen en su totalidad todos los requisitos de accesibilidad;<\/span><\/li>\n<\/ul>\n<p><strong>Preparaci\u00f3n de la presente declaraci\u00f3n de accesibilidad<\/strong><\/p>\n<p><span style=\"font-weight: 400;\">La presente declaraci\u00f3n fue preparada el 3 de mayo de 2023.<\/span><\/p>\n<p><span style=\"font-weight: 400;\">El m\u00e9todo empleado para preparar la declaraci\u00f3n ha sido una autoevaluaci\u00f3n llevada a cabo por el propio titular.<\/span><\/p>\n<p><span style=\"font-weight: 400;\">\u00daltima revisi\u00f3n de la declaraci\u00f3n: 3 de mayo de 2023.<\/span><\/p>\n<p><strong>Observaciones y datos de contacto<\/strong><\/p>\n<ul>\n<li><span style=\"font-weight: 400;\">Puede realizar comunicaciones sobre requisitos de accesibilidad (art\u00edculo 10.2.a) del Real Decreto 1112\/2018, de 7 de septiembre) como, por ejemplo:<\/span><\/li>\n<li><span style=\"font-weight: 400;\">Informar sobre cualquier posible incumplimiento por parte de este sitio web.<\/span><\/li>\n<li><span style=\"font-weight: 400;\">Transmitir otras dificultades de acceso al contenido.<\/span><\/li>\n<li><span style=\"font-weight: 400;\">Formular cualquier otra consulta o sugerencia de mejora relativa a la accesibilidad del sitio web.<\/span><\/li>\n<\/ul>\n<p><span style=\"font-weight: 400;\">A trav\u00e9s de las siguientes v\u00edas:<\/span><\/p>\n<p><span style=\"font-weight: 400;\">Correo electr\u00f3nico: nuria@nuriagarces.com<\/span><\/p>\n<p><span style=\"font-weight: 400;\">Tel\u00e8fono: +34 639 391 382<\/span><\/p>\n<p><span style=\"font-weight: 400;\"><br \/>\n<\/span><span style=\"font-weight: 400;\">Tambi\u00e9n puede solicitar en formato accesible informaci\u00f3n que no cumpla con los requisitos de accesibilidad bien por estar excluida, bien por estar exenta por carga desproporcionada; o formular una queja por incumplimiento de los requisitos de accesibilidad.<\/span><\/p>\n<p><span style=\"font-weight: 400;\">Las comunicaciones, solicitudes de informaci\u00f3n accesible y quejas debe dirigirlas a <\/span><span style=\"font-weight: 400;\">Fosse, SLU<\/span><span style=\"font-weight: 400;\">, responsable de los contenidos de este sitio web.<\/span><\/p>\n<p><strong>Procedimiento de aplicaci\u00f3n<\/strong><\/p>\n<p><span style=\"font-weight: 400;\">A trav\u00e9s de este procedimiento podr\u00e1 iniciar una reclamaci\u00f3n para conocer y oponerse a los motivos de la desestimaci\u00f3n de una solicitud de informaci\u00f3n accesible o queja, instar la adopci\u00f3n de las medidas oportunas en el caso de no estar de acuerdo con la decisi\u00f3n adoptada, o exponer las razones por las que se considera que la respuesta no cumple con los requisitos exigidos.<\/span><\/p>\n<p><span style=\"font-weight: 400;\">Enlace al procedimiento de reclamaci\u00f3n Abre nueva ventana, que debe dirigir a la Subdirecci\u00f3n General de Servicios Web, Transparencia y Protecci\u00f3n de Datos, como Unidad responsable de accesibilidad de este Ministerio, o si la reclamaci\u00f3n es por una actuaci\u00f3n de dicha Unidad, al superior jer\u00e1rquico de \u00e9sta.<\/span><\/p>\n<p><strong>Contenido opcional<\/strong><\/p>\n<p><span style=\"font-weight: 400;\">La versi\u00f3n actualmente visible de este sitio web es de mayo de 2023 y en esa fecha se hizo la revisi\u00f3n del nivel de accesibilidad vigente en aquel momento.<\/span><\/p>\n<p><span style=\"font-weight: 400;\">A partir de dicha fecha se llevan a cabo revisiones parciales diarias del contenido web nuevo o modificado, tanto de las plantillas como de las p\u00e1ginas y documentos finales publicados, a fin de asegurar el cumplimiento de los requerimientos de accesibilidad de la Norma UNE-EN 301549:2022, considerando las excepciones del Real Decreto 1112\/2018, de 7 de septiembre.<\/span><\/p>\n<p><span style=\"font-weight: 400;\">Adicionalmente, este sitio web es revisado por el Observatorio de Accesibilidad Web (OAW), habi\u00e9ndose realizado la \u00faltima revisi\u00f3n en junio mayo de 2023. Entre otras se adoptan las siguientes medidas para facilitar la accesibilidad:<\/span><\/p>\n<ul>\n<li><span style=\"font-weight: 400;\">Utilizaci\u00f3n de texto alternativo en las im\u00e1genes<\/span><\/li>\n<li><span style=\"font-weight: 400;\">Los enlaces ofrecen detalles de la funci\u00f3n o destino del hiperv\u00ednculo<\/span><\/li>\n<li><span style=\"font-weight: 400;\">Uso de los est\u00e1ndares del W3C: XHTML 1.0, CSS 3.0, WAI AA.<\/span><\/li>\n<\/ul>\n<p><span style=\"font-weight: 400;\">Puede consultar en la p\u00e1gina de Aviso Legal para qu\u00e9 navegadores y versiones est\u00e1 optimizado este sitio web.<\/span><\/p>\n<p><a href=\"https:\/\/acelerapyme.gob.es\/kit-digital\" target=\"_blank\" rel=\"noopener\"><img decoding=\"async\" class=\"lazyload alignnone size-full wp-image-281\" src=\"http:\/\/nuriagarces.cat\/wp-content\/uploads\/2023\/07\/Logo-digitalizadores.png\" data-orig-src=\"http:\/\/nuriagarces.cat\/wp-content\/uploads\/2023\/07\/Logo-digitalizadores.png\" alt=\"\" width=\"3000\" height=\"348\" srcset=\"data:image\/svg+xml,%3Csvg%20xmlns%3D%27http%3A%2F%2Fwww.w3.org%2F2000%2Fsvg%27%20width%3D%273000%27%20height%3D%27348%27%20viewBox%3D%270%200%203000%20348%27%3E%3Crect%20width%3D%273000%27%20height%3D%27348%27%20fill-opacity%3D%220%22%2F%3E%3C%2Fsvg%3E\" data-srcset=\"http:\/\/nuriagarces.cat\/wp-content\/uploads\/2023\/07\/Logo-digitalizadores-200x23.png 200w, http:\/\/nuriagarces.cat\/wp-content\/uploads\/2023\/07\/Logo-digitalizadores-300x35.png 300w, http:\/\/nuriagarces.cat\/wp-content\/uploads\/2023\/07\/Logo-digitalizadores-400x46.png 400w, http:\/\/nuriagarces.cat\/wp-content\/uploads\/2023\/07\/Logo-digitalizadores-600x70.png 600w, http:\/\/nuriagarces.cat\/wp-content\/uploads\/2023\/07\/Logo-digitalizadores-768x89.png 768w, http:\/\/nuriagarces.cat\/wp-content\/uploads\/2023\/07\/Logo-digitalizadores-800x93.png 800w, http:\/\/nuriagarces.cat\/wp-content\/uploads\/2023\/07\/Logo-digitalizadores-1024x119.png 1024w, http:\/\/nuriagarces.cat\/wp-content\/uploads\/2023\/07\/Logo-digitalizadores-1200x139.png 1200w, http:\/\/nuriagarces.cat\/wp-content\/uploads\/2023\/07\/Logo-digitalizadores-1536x178.png 1536w, http:\/\/nuriagarces.cat\/wp-content\/uploads\/2023\/07\/Logo-digitalizadores.png 3000w\" data-sizes=\"auto\" data-orig-sizes=\"(max-width: 3000px) 100vw, 3000px\" \/><\/a><\/p>\n<\/div><\/div><\/div><\/div><\/div>\n","protected":false},"excerpt":{"rendered":"","protected":false},"author":1,"featured_media":0,"parent":0,"menu_order":0,"comment_status":"closed","ping_status":"closed","template":"100-width.php","meta":{"footnotes":""},"class_list":["post-345","page","type-page","status-publish","hentry"],"yoast_head":"<!-- This site is optimized with the Yoast SEO plugin v23.7 - https:\/\/yoast.com\/wordpress\/plugins\/seo\/ -->\r\n<title>Declaraci\u00f3n de accesibilidad | N\u00faria Garc\u00e9s<\/title>\r\n<meta name=\"robots\" content=\"index, follow, max-snippet:-1, max-image-preview:large, max-video-preview:-1\" \/>\r\n<link rel=\"canonical\" href=\"http:\/\/nuriagarces.cat\/es\/declaracion-de-accesibilidad\/\" \/>\r\n<meta property=\"og:locale\" content=\"es_ES\" \/>\r\n<meta property=\"og:type\" content=\"article\" \/>\r\n<meta property=\"og:title\" content=\"Declaraci\u00f3n de accesibilidad | N\u00faria Garc\u00e9s\" \/>\r\n<meta property=\"og:url\" content=\"http:\/\/nuriagarces.cat\/es\/declaracion-de-accesibilidad\/\" \/>\r\n<meta property=\"og:site_name\" content=\"N\u00faria Garc\u00e9s\" \/>\r\n<meta property=\"article:publisher\" content=\"https:\/\/www.facebook.com\/nuria.garces\" \/>\r\n<meta property=\"article:modified_time\" content=\"2023-10-05T15:42:52+00:00\" \/>\r\n<meta property=\"og:image\" content=\"http:\/\/nuriagarces.cat\/wp-content\/uploads\/2023\/07\/Logo-digitalizadores.png\" \/>\r\n<meta name=\"twitter:card\" content=\"summary_large_image\" \/>\r\n<meta name=\"twitter:site\" content=\"@nuriagarcesm\" \/>\r\n<meta name=\"twitter:label1\" content=\"Tiempo de lectura\" \/>\n\t<meta name=\"twitter:data1\" content=\"4 minutos\" \/>\r\n<script type=\"application\/ld+json\" class=\"yoast-schema-graph\">{\"@context\":\"https:\/\/schema.org\",\"@graph\":[{\"@type\":\"WebPage\",\"@id\":\"http:\/\/nuriagarces.cat\/es\/declaracion-de-accesibilidad\/\",\"url\":\"http:\/\/nuriagarces.cat\/es\/declaracion-de-accesibilidad\/\",\"name\":\"Declaraci\u00f3n de accesibilidad | N\u00faria Garc\u00e9s\",\"isPartOf\":{\"@id\":\"http:\/\/nuriagarces.cat\/es\/#website\"},\"primaryImageOfPage\":{\"@id\":\"http:\/\/nuriagarces.cat\/es\/declaracion-de-accesibilidad\/#primaryimage\"},\"image\":{\"@id\":\"http:\/\/nuriagarces.cat\/es\/declaracion-de-accesibilidad\/#primaryimage\"},\"thumbnailUrl\":\"http:\/\/nuriagarces.cat\/wp-content\/uploads\/2023\/07\/Logo-digitalizadores.png\",\"datePublished\":\"2023-07-06T10:49:35+00:00\",\"dateModified\":\"2023-10-05T15:42:52+00:00\",\"breadcrumb\":{\"@id\":\"http:\/\/nuriagarces.cat\/es\/declaracion-de-accesibilidad\/#breadcrumb\"},\"inLanguage\":\"es\",\"potentialAction\":[{\"@type\":\"ReadAction\",\"target\":[\"http:\/\/nuriagarces.cat\/es\/declaracion-de-accesibilidad\/\"]}]},{\"@type\":\"ImageObject\",\"inLanguage\":\"es\",\"@id\":\"http:\/\/nuriagarces.cat\/es\/declaracion-de-accesibilidad\/#primaryimage\",\"url\":\"http:\/\/nuriagarces.cat\/wp-content\/uploads\/2023\/07\/Logo-digitalizadores.png\",\"contentUrl\":\"http:\/\/nuriagarces.cat\/wp-content\/uploads\/2023\/07\/Logo-digitalizadores.png\"},{\"@type\":\"BreadcrumbList\",\"@id\":\"http:\/\/nuriagarces.cat\/es\/declaracion-de-accesibilidad\/#breadcrumb\",\"itemListElement\":[{\"@type\":\"ListItem\",\"position\":1,\"name\":\"Inici\",\"item\":\"https:\/\/nuriagarces.cat\/es\/\"},{\"@type\":\"ListItem\",\"position\":2,\"name\":\"Declaraci\u00f3n de accesibilidad\"}]},{\"@type\":\"WebSite\",\"@id\":\"http:\/\/nuriagarces.cat\/es\/#website\",\"url\":\"http:\/\/nuriagarces.cat\/es\/\",\"name\":\"N\u00faria Garc\u00e9s\",\"description\":\"Ag\u00e8ncia relacions p\u00fabliques Barcelona\",\"publisher\":{\"@id\":\"http:\/\/nuriagarces.cat\/es\/#\/schema\/person\/9c7fcbb229a10cb4cec4f9863664f43e\"},\"alternateName\":\"N\u00faria Garc\u00e9s\",\"potentialAction\":[{\"@type\":\"SearchAction\",\"target\":{\"@type\":\"EntryPoint\",\"urlTemplate\":\"http:\/\/nuriagarces.cat\/es\/?s={search_term_string}\"},\"query-input\":{\"@type\":\"PropertyValueSpecification\",\"valueRequired\":true,\"valueName\":\"search_term_string\"}}],\"inLanguage\":\"es\"},{\"@type\":[\"Person\",\"Organization\"],\"@id\":\"http:\/\/nuriagarces.cat\/es\/#\/schema\/person\/9c7fcbb229a10cb4cec4f9863664f43e\",\"name\":\"Nuria\",\"image\":{\"@type\":\"ImageObject\",\"inLanguage\":\"es\",\"@id\":\"http:\/\/nuriagarces.cat\/es\/#\/schema\/person\/image\/\",\"url\":\"http:\/\/nuriagarces.cat\/wp-content\/uploads\/2023\/07\/Favicon-270-Nuria-Garces.jpg\",\"contentUrl\":\"http:\/\/nuriagarces.cat\/wp-content\/uploads\/2023\/07\/Favicon-270-Nuria-Garces.jpg\",\"width\":270,\"height\":236,\"caption\":\"Nuria\"},\"logo\":{\"@id\":\"http:\/\/nuriagarces.cat\/es\/#\/schema\/person\/image\/\"},\"sameAs\":[\"https:\/\/www.nuriagarces.com\/\",\"https:\/\/www.facebook.com\/nuria.garces\",\"https:\/\/www.instagram.com\/ngarcesm\/\",\"https:\/\/x.com\/nuriagarcesm\"]}]}<\/script>\r\n<!-- \/ Yoast SEO plugin. -->","yoast_head_json":{"title":"Declaraci\u00f3n de accesibilidad | N\u00faria Garc\u00e9s","robots":{"index":"index","follow":"follow","max-snippet":"max-snippet:-1","max-image-preview":"max-image-preview:large","max-video-preview":"max-video-preview:-1"},"canonical":"http:\/\/nuriagarces.cat\/es\/declaracion-de-accesibilidad\/","og_locale":"es_ES","og_type":"article","og_title":"Declaraci\u00f3n de accesibilidad | N\u00faria Garc\u00e9s","og_url":"http:\/\/nuriagarces.cat\/es\/declaracion-de-accesibilidad\/","og_site_name":"N\u00faria Garc\u00e9s","article_publisher":"https:\/\/www.facebook.com\/nuria.garces","article_modified_time":"2023-10-05T15:42:52+00:00","og_image":[{"url":"http:\/\/nuriagarces.cat\/wp-content\/uploads\/2023\/07\/Logo-digitalizadores.png"}],"twitter_card":"summary_large_image","twitter_site":"@nuriagarcesm","twitter_misc":{"Tiempo de lectura":"4 minutos"},"schema":{"@context":"https:\/\/schema.org","@graph":[{"@type":"WebPage","@id":"http:\/\/nuriagarces.cat\/es\/declaracion-de-accesibilidad\/","url":"http:\/\/nuriagarces.cat\/es\/declaracion-de-accesibilidad\/","name":"Declaraci\u00f3n de accesibilidad | N\u00faria Garc\u00e9s","isPartOf":{"@id":"http:\/\/nuriagarces.cat\/es\/#website"},"primaryImageOfPage":{"@id":"http:\/\/nuriagarces.cat\/es\/declaracion-de-accesibilidad\/#primaryimage"},"image":{"@id":"http:\/\/nuriagarces.cat\/es\/declaracion-de-accesibilidad\/#primaryimage"},"thumbnailUrl":"http:\/\/nuriagarces.cat\/wp-content\/uploads\/2023\/07\/Logo-digitalizadores.png","datePublished":"2023-07-06T10:49:35+00:00","dateModified":"2023-10-05T15:42:52+00:00","breadcrumb":{"@id":"http:\/\/nuriagarces.cat\/es\/declaracion-de-accesibilidad\/#breadcrumb"},"inLanguage":"es","potentialAction":[{"@type":"ReadAction","target":["http:\/\/nuriagarces.cat\/es\/declaracion-de-accesibilidad\/"]}]},{"@type":"ImageObject","inLanguage":"es","@id":"http:\/\/nuriagarces.cat\/es\/declaracion-de-accesibilidad\/#primaryimage","url":"http:\/\/nuriagarces.cat\/wp-content\/uploads\/2023\/07\/Logo-digitalizadores.png","contentUrl":"http:\/\/nuriagarces.cat\/wp-content\/uploads\/2023\/07\/Logo-digitalizadores.png"},{"@type":"BreadcrumbList","@id":"http:\/\/nuriagarces.cat\/es\/declaracion-de-accesibilidad\/#breadcrumb","itemListElement":[{"@type":"ListItem","position":1,"name":"Inici","item":"https:\/\/nuriagarces.cat\/es\/"},{"@type":"ListItem","position":2,"name":"Declaraci\u00f3n de accesibilidad"}]},{"@type":"WebSite","@id":"http:\/\/nuriagarces.cat\/es\/#website","url":"http:\/\/nuriagarces.cat\/es\/","name":"N\u00faria Garc\u00e9s","description":"Ag\u00e8ncia relacions p\u00fabliques Barcelona","publisher":{"@id":"http:\/\/nuriagarces.cat\/es\/#\/schema\/person\/9c7fcbb229a10cb4cec4f9863664f43e"},"alternateName":"N\u00faria Garc\u00e9s","potentialAction":[{"@type":"SearchAction","target":{"@type":"EntryPoint","urlTemplate":"http:\/\/nuriagarces.cat\/es\/?s={search_term_string}"},"query-input":{"@type":"PropertyValueSpecification","valueRequired":true,"valueName":"search_term_string"}}],"inLanguage":"es"},{"@type":["Person","Organization"],"@id":"http:\/\/nuriagarces.cat\/es\/#\/schema\/person\/9c7fcbb229a10cb4cec4f9863664f43e","name":"Nuria","image":{"@type":"ImageObject","inLanguage":"es","@id":"http:\/\/nuriagarces.cat\/es\/#\/schema\/person\/image\/","url":"http:\/\/nuriagarces.cat\/wp-content\/uploads\/2023\/07\/Favicon-270-Nuria-Garces.jpg","contentUrl":"http:\/\/nuriagarces.cat\/wp-content\/uploads\/2023\/07\/Favicon-270-Nuria-Garces.jpg","width":270,"height":236,"caption":"Nuria"},"logo":{"@id":"http:\/\/nuriagarces.cat\/es\/#\/schema\/person\/image\/"},"sameAs":["https:\/\/www.nuriagarces.com\/","https:\/\/www.facebook.com\/nuria.garces","https:\/\/www.instagram.com\/ngarcesm\/","https:\/\/x.com\/nuriagarcesm"]}]}},"_links":{"self":[{"href":"http:\/\/nuriagarces.cat\/es\/wp-json\/wp\/v2\/pages\/345","targetHints":{"allow":["GET"]}}],"collection":[{"href":"http:\/\/nuriagarces.cat\/es\/wp-json\/wp\/v2\/pages"}],"about":[{"href":"http:\/\/nuriagarces.cat\/es\/wp-json\/wp\/v2\/types\/page"}],"author":[{"embeddable":true,"href":"http:\/\/nuriagarces.cat\/es\/wp-json\/wp\/v2\/users\/1"}],"replies":[{"embeddable":true,"href":"http:\/\/nuriagarces.cat\/es\/wp-json\/wp\/v2\/comments?post=345"}],"version-history":[{"count":4,"href":"http:\/\/nuriagarces.cat\/es\/wp-json\/wp\/v2\/pages\/345\/revisions"}],"predecessor-version":[{"id":2723,"href":"http:\/\/nuriagarces.cat\/es\/wp-json\/wp\/v2\/pages\/345\/revisions\/2723"}],"wp:attachment":[{"href":"http:\/\/nuriagarces.cat\/es\/wp-json\/wp\/v2\/media?parent=345"}],"curies":[{"name":"wp","href":"https:\/\/api.w.org\/{rel}","templated":true}]}}